

{"id":1048,"date":"2014-10-16T22:39:26","date_gmt":"2014-10-16T20:39:26","guid":{"rendered":"http:\/\/www.chateaudestrainchamps.com\/?page_id=1048"},"modified":"2014-10-16T22:40:08","modified_gmt":"2014-10-16T20:40:08","slug":"jobs","status":"publish","type":"page","link":"https:\/\/www.chateaudestrainchamps.com\/nl\/jobs\/","title":{"rendered":"Jobs"},"content":{"rendered":"<p style=\"border: solid 1px black; padding : 5px;background-color:#FBF1CA;text-align: center;\">Ons <b>restaurant<\/b> is <b>nu gesloten<\/b> omdat we met <b>pensioen<\/b> zijn gegaan.\n\t\t <\/p><br><p>La Ch\u00e2teau de Strainchamps recherche actuellement des personnes motiv\u00e9es d\u00e9sireuses de travailler dans un \u00e9tablissement renomm\u00e9. Merci d'envoyer votre CV et votre lettre de motivation par e-mail \u00e0 l'adresse <a href=\"mailto:jobs@chateaudestrainchamps.com\">jobs@chateaudestrainchamps.com<\/a>.<\/p><p><strong><span style=\"text-decoration: underline;\">Personnel de cuisine.\u00a0 <\/span><\/strong><\/p><p>Le Ch\u00e2teau de Strainchamps recherche pour son restaurant \u00e9toil\u00e9 du personnel de cuisine.\u00a0 Jeune, dynamique, s\u00e9rieux et fiable. <br \/>Souhaitant travailler dans le monde de la gastronomie. Exp\u00e9rience souhait\u00e9e.\u00a0\u00a0\u00a0\u00a0\u00a0\u00a0\u00a0<\/p><p><strong><span style=\"text-decoration: underline;\">Personnel de salle.\u00a0<\/span> <\/strong><\/p><p>Le Ch\u00e2teau de Strainchamps recherche pour son restaurant \u00e9toil\u00e9 du personnel de salle motiv\u00e9, parlant fran\u00e7ais et n\u00e9erlandais. <br \/>Bonne pr\u00e9sentation, bon sens du contact, s\u00e9rieux et fiable. Exp\u00e9rience souhait\u00e9e.<\/p>","protected":false},"excerpt":{"rendered":"<p>Ons restaurant is nu gesloten omdat we met pensioen zijn gegaan. La Ch\u00e2teau de Strainchamps recherche actuellement des personnes motiv\u00e9es d\u00e9sireuses de travailler dans un \u00e9tablissement renomm\u00e9. Merci d&#8217;envoyer votre CV et votre lettre de motivation par e-mail \u00e0 l&#8217;adresse jobs@chateaudestrainchamps.com.Personnel de cuisine.\u00a0 Le Ch\u00e2teau de Strainchamps recherche pour son restaurant \u00e9toil\u00e9 du personnel de [&hellip;]<\/p>\n","protected":false},"author":1,"featured_media":0,"parent":0,"menu_order":0,"comment_status":"open","ping_status":"open","template":"","meta":{"_acf_changed":false,"ngg_post_thumbnail":0,"footnotes":""},"class_list":["post-1048","page","type-page","status-publish","hentry"],"acf":[],"jetpack_shortlink":"https:\/\/wp.me\/P7egGf-gU","jetpack_sharing_enabled":true,"_links":{"self":[{"href":"https:\/\/www.chateaudestrainchamps.com\/nl\/wp-json\/wp\/v2\/pages\/1048","targetHints":{"allow":["GET"]}}],"collection":[{"href":"https:\/\/www.chateaudestrainchamps.com\/nl\/wp-json\/wp\/v2\/pages"}],"about":[{"href":"https:\/\/www.chateaudestrainchamps.com\/nl\/wp-json\/wp\/v2\/types\/page"}],"author":[{"embeddable":true,"href":"https:\/\/www.chateaudestrainchamps.com\/nl\/wp-json\/wp\/v2\/users\/1"}],"replies":[{"embeddable":true,"href":"https:\/\/www.chateaudestrainchamps.com\/nl\/wp-json\/wp\/v2\/comments?post=1048"}],"version-history":[{"count":1,"href":"https:\/\/www.chateaudestrainchamps.com\/nl\/wp-json\/wp\/v2\/pages\/1048\/revisions"}],"predecessor-version":[{"id":1049,"href":"https:\/\/www.chateaudestrainchamps.com\/nl\/wp-json\/wp\/v2\/pages\/1048\/revisions\/1049"}],"wp:attachment":[{"href":"https:\/\/www.chateaudestrainchamps.com\/nl\/wp-json\/wp\/v2\/media?parent=1048"}],"curies":[{"name":"wp","href":"https:\/\/api.w.org\/{rel}","templated":true}]}}