

{"id":250,"date":"2013-01-27T12:27:13","date_gmt":"2013-01-27T10:27:13","guid":{"rendered":"http:\/\/www.chateaudestrainchamps.com\/?page_id=250"},"modified":"2023-07-11T13:51:41","modified_gmt":"2023-07-11T11:51:41","slug":"onze-gastronomisch-verlijven","status":"publish","type":"page","link":"https:\/\/www.chateaudestrainchamps.com\/nl\/onze-gastronomisch-verlijven\/","title":{"rendered":"Gastronomisch verblijf in de Ardennen"},"content":{"rendered":"<p style=\"border: solid 1px black; padding : 5px;background-color:#FBF1CA;text-align: center;\">Ons <b>restaurant<\/b> is <b>nu gesloten<\/b> omdat we met <b>pensioen<\/b> zijn gegaan.\n\t\t <\/p><br>Zin om u te ontspannen? Geniet van een rustgevend <strong>gastronomisch verblijf<\/strong> in de Belgische Ardennen. Het Ch\u00e2teau de Strainchamps, een <strong>drie-sterren hotel<\/strong> evenals een<strong> gastronomisch restaurant met \u00e9\u00e9n ster in de Guide Michelin<\/strong>, biedt u een onvergetelijke belevenis aan!\r\n\r\n<div class=\"su-accordion su-u-trim\">\r\n<div class=\"su-spoiler su-spoiler-style-default su-spoiler-icon-plus su-spoiler-closed\" data-scroll-offset=\"0\" data-anchor-in-url=\"no\"><div class=\"su-spoiler-title\" tabindex=\"0\" role=\"button\"><span class=\"su-spoiler-icon\"><\/span>Gastronomische verblijven<\/div><div class=\"su-spoiler-content su-u-clearfix su-u-trim\">\r\n\r\nMaak uw keuze uit vier gastronomische verblijven en geniet van een comfortabele en aangename omgeving, dat sommigen soms ook als romantisch kwalificeren.\r\n\r\nDe grote klassiekers van het Ch\u00e2teau de Strainchamps, alsmede verfijnde menu\u2019s, zullen u zeker bevallen. De keuken van het Chateau de Strainchamps kan beschreven worden als een mengeling van innovatie en traditie.\r\n\r\nU werkt hard en heeft weinig tijd voor uzelf? Geniet maar van een gastronomisch weekend van \u00e9\u00e9n of twee nachten om tot rust te komen. Zich tijdens de week vrijmaken is voor u mogelijk? Het midweek verblijf is dan voor u bedoeld: u betaalt de eerste nacht, de tweede is gratis!\r\n\r\nU bent op zoek naar comfort en ruimte in een traditionele slaapkamer? De \u00ab Charme \u00bb en \u00ab Confort \u00bb slaapkamers in het kasteel zijn voor u perfect. U verblijft liever in een moderne kamer? Geen probleem. De \u00ab Luxe \u00bb en \u00ab Prestige \u00bb slaapkamers in Au Colombier zullen ongetwijfeld aan uw wensen voldoen.\r\n\r\nDe 10 slaapkamers van het hotel bieden u de service van een 3-sterren hotel. Het ontbijt is in de prijs van al de vier gastronomische verblijven inbegrepen.\r\n\r\nWacht niet langer en boek nu uw gastronomische verblijf.\r\n\r\nOntdek de gastronomie in de prachtige Ardennen!\r\n\r\n<\/div><\/div>\r\n<\/div>","protected":false},"excerpt":{"rendered":"<p>Ons restaurant is nu gesloten omdat we met pensioen zijn gegaan. Zin om u te ontspannen? Geniet van een rustgevend gastronomisch verblijf in de Belgische Ardennen. Het Ch\u00e2teau de Strainchamps, een drie-sterren hotel evenals een gastronomisch restaurant met \u00e9\u00e9n ster in de Guide Michelin, biedt u een onvergetelijke belevenis aan! Gastronomische verblijven Maak uw keuze [&hellip;]<\/p>\n","protected":false},"author":1,"featured_media":0,"parent":0,"menu_order":0,"comment_status":"open","ping_status":"open","template":"template-sejourgastro.php","meta":{"_acf_changed":false,"ngg_post_thumbnail":0,"footnotes":""},"class_list":["post-250","page","type-page","status-publish","hentry"],"acf":[],"jetpack_shortlink":"https:\/\/wp.me\/P7egGf-42","jetpack_sharing_enabled":true,"_links":{"self":[{"href":"https:\/\/www.chateaudestrainchamps.com\/nl\/wp-json\/wp\/v2\/pages\/250","targetHints":{"allow":["GET"]}}],"collection":[{"href":"https:\/\/www.chateaudestrainchamps.com\/nl\/wp-json\/wp\/v2\/pages"}],"about":[{"href":"https:\/\/www.chateaudestrainchamps.com\/nl\/wp-json\/wp\/v2\/types\/page"}],"author":[{"embeddable":true,"href":"https:\/\/www.chateaudestrainchamps.com\/nl\/wp-json\/wp\/v2\/users\/1"}],"replies":[{"embeddable":true,"href":"https:\/\/www.chateaudestrainchamps.com\/nl\/wp-json\/wp\/v2\/comments?post=250"}],"version-history":[{"count":6,"href":"https:\/\/www.chateaudestrainchamps.com\/nl\/wp-json\/wp\/v2\/pages\/250\/revisions"}],"predecessor-version":[{"id":1942,"href":"https:\/\/www.chateaudestrainchamps.com\/nl\/wp-json\/wp\/v2\/pages\/250\/revisions\/1942"}],"wp:attachment":[{"href":"https:\/\/www.chateaudestrainchamps.com\/nl\/wp-json\/wp\/v2\/media?parent=250"}],"curies":[{"name":"wp","href":"https:\/\/api.w.org\/{rel}","templated":true}]}}